{"id":145,"date":"2021-01-25T04:12:38","date_gmt":"2021-01-25T04:12:38","guid":{"rendered":"http:\/\/wp1036357.server-he.de\/?page_id=145"},"modified":"2021-11-30T09:40:32","modified_gmt":"2021-11-30T09:40:32","slug":"impressum","status":"publish","type":"page","link":"http:\/\/viktor-luise.de\/en\/impressum\/","title":{"rendered":"Imprint"},"content":{"rendered":"<div data-elementor-type=\"wp-page\" data-elementor-id=\"145\" class=\"elementor elementor-145\">\n\t\t\t\t\t\t<section class=\"elementor-section elementor-top-section elementor-element elementor-element-b46573f elementor-section-boxed elementor-section-height-default elementor-section-height-default\" data-id=\"b46573f\" data-element_type=\"section\" data-e-type=\"section\">\n\t\t\t\t\t\t<div class=\"elementor-container elementor-column-gap-default\">\n\t\t\t\t\t<div class=\"elementor-column elementor-col-100 elementor-top-column elementor-element elementor-element-3dc9abae\" data-id=\"3dc9abae\" data-element_type=\"column\" data-e-type=\"column\">\n\t\t\t<div class=\"elementor-widget-wrap elementor-element-populated\">\n\t\t\t\t\t\t<div class=\"elementor-element elementor-element-35842fe elementor-widget elementor-widget-heading\" data-id=\"35842fe\" data-element_type=\"widget\" data-e-type=\"widget\" data-widget_type=\"heading.default\">\n\t\t\t\t<div class=\"elementor-widget-container\">\n\t\t\t\t\t<h1 class=\"elementor-heading-title elementor-size-large\">Imprint<\/h1>\t\t\t\t<\/div>\n\t\t\t\t<\/div>\n\t\t\t\t<div class=\"elementor-element elementor-element-46b09308 elementor-widget elementor-widget-text-editor\" data-id=\"46b09308\" data-element_type=\"widget\" data-e-type=\"widget\" data-widget_type=\"text-editor.default\">\n\t\t\t\t<div class=\"elementor-widget-container\">\n\t\t\t\t\t\t\t\t\t\n<p>Viktor und Luise<\/p>\n\n\n\n<p>Inhaberin:\u00a0\u00a0Christine Behr-Eisner<br \/>Welserstr. 10 &#8211; 12<br \/>10777 Berlin<\/p>\n\n\n\n<p>DE11100500006603127804<br \/>BIC BELADEBEXXX<\/p>\n\n\n\n<p><br \/>Tel. 030 &#8211; 212 35 770<br \/>E-Mail:\u00a0\u00a0<a>info@viktor-luise.de<\/a><br \/>Internet:\u00a0\u00a0<a href=\"http:\/\/viktor-luise.de\/en\/\">www.viktor-luise.de<\/a><\/p>\n\n\n\n<p>USt-ID:<\/p>\n\n\n\n<p>Webdesign:\u00a0\u00a0<a href=\"http:\/\/ruby\">ruby0ne<\/a><\/p>\n\n\n\n<p>Trotz sorgf\u00e4ltiger inhaltlicher Kontrolle \u00fcbernehmen wir keine Haftung f\u00fcr die Inhalte externer Links.\u00a0F\u00fcr den Inhalt der verlinkten Seiten sind ausschlie\u00dflich deren Betreiber verantwortlich. N\u00e4here Infos: siehe\u00a0<a href=\"http:\/\/viktor-luise.de\/en\/datenschutzerklaerung\/\" target=\"_blank\" rel=\"noreferrer noopener\">Data protection<\/a>.<\/p>\n\n\n\n<p>Alternative Streitbeilegung gem\u00e4\u00df\u00a0<a href=\"https:\/\/www.gesetze-im-internet.de\/vsbg\/__14.html\" target=\"_blank\" rel=\"noreferrer noopener\">Art. 14 Abs. 1 ODR-VO und \u00a7 36 VSBG<\/a>:\u00a0Die europ\u00e4ische Kommission stellt eine Plattform zur Online Streitbeilegung (OS) bereit, die\u00a0<a href=\"https:\/\/ec.europa.eu\/consumers\/odr\/main\/index.cfm?event=main.home.show&amp;lng=DE\" target=\"_blank\" rel=\"noreferrer noopener\">hier<\/a>\u00a0zu finden ist.\u00a0Zur Teilname an einem Steitbeilegungsverfahren\u00a0vor einer Verbraucherschlichtungsstelle sind wir nicht verpflichtet.<\/p>\n\t\t\t\t\t\t\t\t<\/div>\n\t\t\t\t<\/div>\n\t\t\t\t\t<\/div>\n\t\t<\/div>\n\t\t\t\t\t<\/div>\n\t\t<\/section>\n\t\t\t\t<\/div>","protected":false},"excerpt":{"rendered":"<p>Impressum Viktor und Luise Inhaberin:\u00a0\u00a0Christine Behr-EisnerWelserstr. 10 &#8211; 1210777 Berlin DE11100500006603127804BIC BELADEBEXXX Tel. 030 &#8211; 212 35 770E-Mail:\u00a0\u00a0info@viktor-luise.deInternet:\u00a0\u00a0www.viktor-luise.de USt-ID: Webdesign:\u00a0\u00a0ruby0ne Trotz sorgf\u00e4ltiger inhaltlicher Kontrolle \u00fcbernehmen wir keine Haftung f\u00fcr die Inhalte externer Links.\u00a0F\u00fcr den Inhalt der verlinkten Seiten sind ausschlie\u00dflich deren Betreiber verantwortlich. N\u00e4here Infos: siehe\u00a0Datenschutzerkl\u00e4rung. Alternative Streitbeilegung gem\u00e4\u00df\u00a0Art. 14 Abs. 1 ODR-VO und \u00a7 [&hellip;]<\/p>\n","protected":false},"author":1,"featured_media":0,"parent":0,"menu_order":0,"comment_status":"closed","ping_status":"closed","template":"","meta":{"zakra_page_container_layout":"customizer","zakra_page_sidebar_layout":"customizer","zakra_remove_content_margin":false,"zakra_sidebar":"customizer","zakra_transparent_header":"customizer","zakra_logo":0,"zakra_main_header_style":"default","zakra_menu_item_color":"","zakra_menu_item_hover_color":"","zakra_menu_item_active_color":"","zakra_menu_active_style":"","zakra_page_header":true,"footnotes":""},"class_list":["post-145","page","type-page","status-publish","hentry"],"yoast_head":"<!-- This site is optimized with the Yoast SEO plugin v27.5 - https:\/\/yoast.com\/product\/yoast-seo-wordpress\/ -->\n<title>Impressum - Viktor &amp; Luise<\/title>\n<meta name=\"description\" content=\"Viktor &amp; Luise - Secondhand Shop - Impressum.\" \/>\n<meta name=\"robots\" content=\"noindex, follow, max-snippet:-1, max-image-preview:large, max-video-preview:-1\" \/>\n<meta property=\"og:locale\" content=\"en_GB\" \/>\n<meta property=\"og:type\" content=\"article\" \/>\n<meta property=\"og:title\" content=\"Impressum - Viktor &amp; Luise\" \/>\n<meta property=\"og:description\" content=\"Viktor &amp; Luise - Secondhand Shop - Impressum.\" \/>\n<meta property=\"og:url\" content=\"https:\/\/viktor-luise.de\/en\/impressum\/\" \/>\n<meta property=\"og:site_name\" content=\"Viktor &amp; Luise\" \/>\n<meta property=\"article:modified_time\" content=\"2021-11-30T09:40:32+00:00\" \/>\n<meta name=\"twitter:card\" content=\"summary_large_image\" \/>\n<meta name=\"twitter:label1\" content=\"Estimated reading time\" \/>\n\t<meta name=\"twitter:data1\" content=\"1 minute\" \/>\n<script type=\"application\/ld+json\" class=\"yoast-schema-graph\">{\"@context\":\"https:\\\/\\\/schema.org\",\"@graph\":[{\"@type\":\"WebPage\",\"@id\":\"https:\\\/\\\/viktor-luise.de\\\/impressum\\\/\",\"url\":\"https:\\\/\\\/viktor-luise.de\\\/impressum\\\/\",\"name\":\"Impressum - Viktor &amp; Luise\",\"isPartOf\":{\"@id\":\"https:\\\/\\\/viktor-luise.de\\\/#website\"},\"datePublished\":\"2021-01-25T04:12:38+00:00\",\"dateModified\":\"2021-11-30T09:40:32+00:00\",\"description\":\"Viktor & Luise - Secondhand Shop - Impressum.\",\"breadcrumb\":{\"@id\":\"https:\\\/\\\/viktor-luise.de\\\/impressum\\\/#breadcrumb\"},\"inLanguage\":\"en-GB\",\"potentialAction\":[{\"@type\":\"ReadAction\",\"target\":[\"https:\\\/\\\/viktor-luise.de\\\/impressum\\\/\"]}]},{\"@type\":\"BreadcrumbList\",\"@id\":\"https:\\\/\\\/viktor-luise.de\\\/impressum\\\/#breadcrumb\",\"itemListElement\":[{\"@type\":\"ListItem\",\"position\":1,\"name\":\"Startseite\",\"item\":\"https:\\\/\\\/viktor-luise.de\\\/\"},{\"@type\":\"ListItem\",\"position\":2,\"name\":\"Impressum\"}]},{\"@type\":\"WebSite\",\"@id\":\"https:\\\/\\\/viktor-luise.de\\\/#website\",\"url\":\"https:\\\/\\\/viktor-luise.de\\\/\",\"name\":\"Viktor &amp; Luise\",\"description\":\"Secondhand\",\"publisher\":{\"@id\":\"https:\\\/\\\/viktor-luise.de\\\/#organization\"},\"potentialAction\":[{\"@type\":\"SearchAction\",\"target\":{\"@type\":\"EntryPoint\",\"urlTemplate\":\"https:\\\/\\\/viktor-luise.de\\\/?s={search_term_string}\"},\"query-input\":{\"@type\":\"PropertyValueSpecification\",\"valueRequired\":true,\"valueName\":\"search_term_string\"}}],\"inLanguage\":\"en-GB\"},{\"@type\":\"Organization\",\"@id\":\"https:\\\/\\\/viktor-luise.de\\\/#organization\",\"name\":\"Viktor und Luise\",\"url\":\"https:\\\/\\\/viktor-luise.de\\\/\",\"logo\":{\"@type\":\"ImageObject\",\"inLanguage\":\"en-GB\",\"@id\":\"https:\\\/\\\/viktor-luise.de\\\/#\\\/schema\\\/logo\\\/image\\\/\",\"url\":\"https:\\\/\\\/viktor-luise.de\\\/wp-content\\\/uploads\\\/2021\\\/03\\\/cropped-Viktor-und-Luise-Logo-v2.1-1.png\",\"contentUrl\":\"https:\\\/\\\/viktor-luise.de\\\/wp-content\\\/uploads\\\/2021\\\/03\\\/cropped-Viktor-und-Luise-Logo-v2.1-1.png\",\"width\":100,\"height\":100,\"caption\":\"Viktor und Luise\"},\"image\":{\"@id\":\"https:\\\/\\\/viktor-luise.de\\\/#\\\/schema\\\/logo\\\/image\\\/\"}}]}<\/script>\n<!-- \/ Yoast SEO plugin. -->","yoast_head_json":{"title":"Impressum - Viktor &amp; Luise","description":"Viktor & Luise - Secondhand Shop - Impressum.","robots":{"index":"noindex","follow":"follow","max-snippet":"max-snippet:-1","max-image-preview":"max-image-preview:large","max-video-preview":"max-video-preview:-1"},"og_locale":"en_GB","og_type":"article","og_title":"Impressum - Viktor &amp; Luise","og_description":"Viktor & Luise - Secondhand Shop - Impressum.","og_url":"https:\/\/viktor-luise.de\/en\/impressum\/","og_site_name":"Viktor &amp; Luise","article_modified_time":"2021-11-30T09:40:32+00:00","twitter_card":"summary_large_image","twitter_misc":{"Estimated reading time":"1 minute"},"schema":{"@context":"https:\/\/schema.org","@graph":[{"@type":"WebPage","@id":"https:\/\/viktor-luise.de\/impressum\/","url":"https:\/\/viktor-luise.de\/impressum\/","name":"Impressum - Viktor &amp; Luise","isPartOf":{"@id":"https:\/\/viktor-luise.de\/#website"},"datePublished":"2021-01-25T04:12:38+00:00","dateModified":"2021-11-30T09:40:32+00:00","description":"Viktor & Luise - Secondhand Shop - Impressum.","breadcrumb":{"@id":"https:\/\/viktor-luise.de\/impressum\/#breadcrumb"},"inLanguage":"en-GB","potentialAction":[{"@type":"ReadAction","target":["https:\/\/viktor-luise.de\/impressum\/"]}]},{"@type":"BreadcrumbList","@id":"https:\/\/viktor-luise.de\/impressum\/#breadcrumb","itemListElement":[{"@type":"ListItem","position":1,"name":"Startseite","item":"https:\/\/viktor-luise.de\/"},{"@type":"ListItem","position":2,"name":"Impressum"}]},{"@type":"WebSite","@id":"https:\/\/viktor-luise.de\/#website","url":"https:\/\/viktor-luise.de\/","name":"Viktor &amp; Luise","description":"Secondhand","publisher":{"@id":"https:\/\/viktor-luise.de\/#organization"},"potentialAction":[{"@type":"SearchAction","target":{"@type":"EntryPoint","urlTemplate":"https:\/\/viktor-luise.de\/?s={search_term_string}"},"query-input":{"@type":"PropertyValueSpecification","valueRequired":true,"valueName":"search_term_string"}}],"inLanguage":"en-GB"},{"@type":"Organization","@id":"https:\/\/viktor-luise.de\/#organization","name":"Viktor und Luise","url":"https:\/\/viktor-luise.de\/","logo":{"@type":"ImageObject","inLanguage":"en-GB","@id":"https:\/\/viktor-luise.de\/#\/schema\/logo\/image\/","url":"https:\/\/viktor-luise.de\/wp-content\/uploads\/2021\/03\/cropped-Viktor-und-Luise-Logo-v2.1-1.png","contentUrl":"https:\/\/viktor-luise.de\/wp-content\/uploads\/2021\/03\/cropped-Viktor-und-Luise-Logo-v2.1-1.png","width":100,"height":100,"caption":"Viktor und Luise"},"image":{"@id":"https:\/\/viktor-luise.de\/#\/schema\/logo\/image\/"}}]}},"_links":{"self":[{"href":"http:\/\/viktor-luise.de\/en\/wp-json\/wp\/v2\/pages\/145","targetHints":{"allow":["GET"]}}],"collection":[{"href":"http:\/\/viktor-luise.de\/en\/wp-json\/wp\/v2\/pages"}],"about":[{"href":"http:\/\/viktor-luise.de\/en\/wp-json\/wp\/v2\/types\/page"}],"author":[{"embeddable":true,"href":"http:\/\/viktor-luise.de\/en\/wp-json\/wp\/v2\/users\/1"}],"replies":[{"embeddable":true,"href":"http:\/\/viktor-luise.de\/en\/wp-json\/wp\/v2\/comments?post=145"}],"version-history":[{"count":18,"href":"http:\/\/viktor-luise.de\/en\/wp-json\/wp\/v2\/pages\/145\/revisions"}],"predecessor-version":[{"id":1165,"href":"http:\/\/viktor-luise.de\/en\/wp-json\/wp\/v2\/pages\/145\/revisions\/1165"}],"wp:attachment":[{"href":"http:\/\/viktor-luise.de\/en\/wp-json\/wp\/v2\/media?parent=145"}],"curies":[{"name":"wp","href":"https:\/\/api.w.org\/{rel}","templated":true}]}}