{"id":149,"date":"2021-01-25T04:13:38","date_gmt":"2021-01-25T04:13:38","guid":{"rendered":"http:\/\/wp1036357.server-he.de\/?page_id=149"},"modified":"2021-04-08T09:33:59","modified_gmt":"2021-04-08T09:33:59","slug":"widerrufsbelehrung","status":"publish","type":"page","link":"http:\/\/viktor-luise.de\/en\/widerrufsbelehrung\/","title":{"rendered":"Right of withdrawal"},"content":{"rendered":"<div data-elementor-type=\"wp-page\" data-elementor-id=\"149\" class=\"elementor elementor-149\">\n\t\t\t\t\t\t<section class=\"elementor-section elementor-top-section elementor-element elementor-element-58de7e6c elementor-section-boxed elementor-section-height-default elementor-section-height-default\" data-id=\"58de7e6c\" data-element_type=\"section\" data-e-type=\"section\">\n\t\t\t\t\t\t<div class=\"elementor-container elementor-column-gap-default\">\n\t\t\t\t\t<div class=\"elementor-column elementor-col-100 elementor-top-column elementor-element elementor-element-344846a8\" data-id=\"344846a8\" data-element_type=\"column\" data-e-type=\"column\">\n\t\t\t<div class=\"elementor-widget-wrap elementor-element-populated\">\n\t\t\t\t\t\t<div class=\"elementor-element elementor-element-e8e3c94 elementor-widget elementor-widget-heading\" data-id=\"e8e3c94\" data-element_type=\"widget\" data-e-type=\"widget\" data-widget_type=\"heading.default\">\n\t\t\t\t<div class=\"elementor-widget-container\">\n\t\t\t\t\t<h2 class=\"elementor-heading-title elementor-size-large\">Right of withdrawal<\/h2>\t\t\t\t<\/div>\n\t\t\t\t<\/div>\n\t\t\t\t<div class=\"elementor-element elementor-element-347f349a elementor-widget elementor-widget-text-editor\" data-id=\"347f349a\" data-element_type=\"widget\" data-e-type=\"widget\" data-widget_type=\"text-editor.default\">\n\t\t\t\t<div class=\"elementor-widget-container\">\n\t\t\t\t\t\t\t\t\t<p><span style=\"font-family: var( --e-global-typography-text-font-family ), Sans-serif; font-size: 14.4px; font-style: inherit; font-weight: inherit;\">Verbraucher ist jede nat\u00fcrliche Person, die ein Rechtsgesch\u00e4ft zu Zwecken abschlie\u00dft, die \u00fcberwiegend weder ihrer gewerblichen noch ihrer selbst\u00e4ndigen beruflichen T\u00e4tigkeit zugerechnet werden k\u00f6nnen.<\/span><\/p><p>Widerrufsrecht<\/p><p>Sie haben das Recht, binnen vierzehn Tagen ohne Angabe von Gr\u00fcnden diesen Vertrag zu widerrufen. Die Widerrufsfrist betr\u00e4gt vierzehn Tage ab dem Tag, an dem Sie oder ein von Ihnen benannter Dritter (der nicht der Bef\u00f6rderer ist) die Waren in Besitz genommen haben bzw. hat. Um Ihr Widerrufsrecht auszu\u00fcben, m\u00fcssen Sie uns mittels einer eindeutigen Erkl\u00e4rung (bitte via E-Mail an Info@viktor-luise) \u00fcber Ihren Entschluss, diesen Vertrag zu widerrufen, informieren. Sie k\u00f6nnen daf\u00fcr das beigef\u00fcgte Muster-Widerrufsformular verwenden, das jedoch nicht vorgeschrieben ist. Zur Wahrung der Widerrufsfrist reicht es aus, dass Sie die Mitteilung \u00fcber die Aus\u00fcbung des Widerrufsrechts vor Ablauf der Widerrufsfrist absenden.<\/p><p>Folgen des Widerrufs<\/p><p>Wenn Sie diesen Vertrag widerrufen, haben wir Ihnen alle Zahlungen, die wir von Ihnen erhalten haben, unverz\u00fcglich und sp\u00e4testens binnen vierzehn Tagen ab dem Tag zur\u00fcckzuzahlen, an dem wir die von Ihnen bestellte Ware unversehrt zur\u00fcck erhalten haben. Bitte beachten Sie, dass wir Ihnen bei keine Lieferkosten erstatten, sollte das Produkt urspr\u00fcnglich kostenfrei an Sie verschickt worden sein. Weiterhin erstatten wir keinerlei Versandkosten f\u00fcr Retouren, welche aufgrund von Nicht-Gefallen der Ware zur\u00fcck gesendet werden. Frankierungen f\u00fcr R\u00fccksendungen sind prinzipiell vom erstattenden Verbraucher zu \u00fcbernehmen. F\u00fcr R\u00fcckzahlung verwenden wir standardgem\u00e4\u00df dasselbe Zahlungsmittel, das Sie bei der urspr\u00fcnglichen Transaktion eingesetzt haben, es sei denn, mit Ihnen wurde ausdr\u00fccklich etwas anderes vereinbart; in keinem Fall werden Ihnen wegen dieser R\u00fcckzahlung Entgelte berechnet. Wir k\u00f6nnen die R\u00fcckzahlung verweigern, bis wir die Waren wieder zur\u00fcckerhalten haben. Sie haben die Waren unverz\u00fcglich und in jedem Fall sp\u00e4testens binnen vierzehn Tagen ab dem Tag, an dem Sie uns \u00fcber den Widerruf dieses Vertrags unterrichten, an uns zur\u00fcckzusenden oder zu \u00fcbergeben. Die Frist ist gewahrt, wenn Sie die Waren vor Ablauf der Frist von vierzehn Tagen absenden. Dabei tragen Sie die unmittelbaren Kosten der R\u00fccksendung der Waren. Sie m\u00fcssen f\u00fcr einen etwaigen Wertverlust der Waren nur aufkommen, wenn dieser Wertverlust auf einen zur Pr\u00fcfung der Beschaffenheit, Eigenschaften und Funktionsweise der Waren nicht notwendigen Umgang mit ihnen zur\u00fcckzuf\u00fchren ist.<\/p><p>Muster-Widerrufsformular<\/p><p>Wenn Sie den Vertrag widerrufen wollen, dann kopieren Sie bitte dieses ausgef\u00fcllte Formular in Ihre E-Mail an uns, damit Ihr Anliegen m\u00f6glichst schnell bearbeitet werden kann.<\/p><p>Hiermit widerrufe ich den von mir abgeschlossenen Vertrag \u00fcber den Kauf der folgenden Ware bzw. Waren:<\/p><p>\u2022 Name des Produkt<\/p><p>\u2022 Bestellnummer<\/p><p>\u2022 Urspr\u00fcngliche Zahlart<\/p><p>\u2022 Bankinformation des Verbrauchers (zwecks R\u00fcck\u00fcberweisung)<\/p><p>\u2022 Name des Verbrauchers<\/p><p>\u2022 Anschrift des Verbrauchers<\/p><p>\u2022 Grund der Reklamation<\/p><p>\u2022 Datum<\/p><p>Ausschluss bzw. vorzeitiges Erl\u00f6schen des Widerrufsrechts<\/p><p>Das Widerrufsrecht besteht nicht bei Vertr\u00e4gen \u2026<\/p><p>\u2022 zur Lieferung von Waren, die nicht vorgefertigt sind und f\u00fcr deren Herstellung eine individuelle Auswahl oder Bestimmung durch den Verbraucher ma\u00dfgeblich ist oder die eindeutig auf die pers\u00f6nlichen Bed\u00fcrfnisse des Verbrauchers zugeschnitten sind;<\/p><p>\u2022 zur Lieferung von Waren, die schnell verderben k\u00f6nnen oder deren Verfallsdatum schnell \u00fcberschritten w\u00fcrde;<\/p><p>\u2022 zur Lieferung alkoholischer Getr\u00e4nke, deren Preis bei Vertragsschluss vereinbart wurde, die aber fr\u00fchestens 30 Tage nach Vertragsschluss geliefert werden k\u00f6nnen und deren aktueller Wert von Schwankungen auf dem Markt abh\u00e4ngt, auf die der Unternehmer keinen Einfluss hat;<\/p><p>\u2022 zur Lieferung von Zeitungen, Zeitschriften oder Illustrierten mit Ausnahme von Abonnement-Vertr\u00e4gen.<\/p><p>Das Widerrufsrecht erlischt vorzeitig bei Vertr\u00e4gen \u2026<\/p><p>\u2022 zur Lieferung versiegelter Waren, die aus Gr\u00fcnden des Gesundheitsschutzes oder der Hygiene nicht zur R\u00fcckgabe geeignet sind, wenn ihre Versiegelung nach der Lieferung entfernt wurde;<\/p><p>\u2022 zur Lieferung von Waren, wenn diese nach der Lieferung auf Grund ihrer Beschaffenheit untrennbar mit anderen G\u00fctern vermischt wurden;<\/p><p>\u2022 zur Lieferung von Ton- oder Videoaufnahmen oder Computersoftware in einer versiegelten Packung, wenn die Versiegelung nach der Lieferung entfernt wurde.<\/p><p>R\u00fccksendungen<\/p><p>Die in diesem Abschnitt \u00bbR\u00fccksendungen\u00ab genannten Modalit\u00e4ten sind nicht Voraussetzung f\u00fcr die wirksame Aus\u00fcbung des Widerrufsrechts gem. dem Abschnitt \u00bbBelehrung \u00fcber das Widerrufsrecht f\u00fcr Verbraucher\u00ab. Kunden werden vor R\u00fccksendung gebeten die R\u00fccksendung beim Verk\u00e4ufer zu melden. Bitte nutzen Sie eine Ank\u00fcndigung der R\u00fccksendung \u00fcber unsere E-Mail Adresse<a href=\"http:\/\/Info@viktor-luise\" data-wplink-url-error=\"true\"> Info@viktor-luise<\/a>. Auf diese Weise erm\u00f6glichen sie dem Verk\u00e4ufer eine schnellstm\u00f6gliche Zuordnung der Produkte. \u00dcber den Kontakt per E-Mail erfahren Sie dann auch schnellstm\u00f6glich, an welche Adresse Ihre R\u00fccksendung erfolgt.<\/p><p>Kunden werden gebeten die Ware als frankiertes Paket an den Verk\u00e4ufer zur\u00fcck zu senden und den Einlieferbeleg aufzubewahren. Vorzugsweise sollte das Paket versichert zur\u00fcck geschickt werden, um eine Nachverfolgung zu garantieren. Verluste des Pakets durch die Einwirkung Dritter (wie etwa Logistiker) unterliegen nicht unserer Verantwortung. Der Verk\u00e4ufer erstattet den Kunden prinzipiell keinerlei Auslagen oder Portokosten, es sei denn das versendete Produkt entspricht technisch oder qualitativ nicht der ausgeschriebenen Beschreibung. Weiterhin bitten wir Sie zur Kenntnis zu nehmen, das es sich bei unserem Warensortiment gr\u00f6\u00dftenteils um bereits getragene Second-Hand-Ware handelt. Wir pr\u00fcfen jegliche Ware zuvor auf ihre Beschaffenheit, Qualit\u00e4t, Sauberkeit und m\u00f6gliche M\u00e4ngel. Sollten einzelne Produkte M\u00e4ngel aufweisen, werden wir Sie explizit auf solche hinweisen. Wir erstatten keinerlei Auslagen f\u00fcr Versandkosten von Retouren, sollte der Grund der R\u00fccksendung ein simples \u00bbNicht-Gefallen\u00ab der Ware sein.<\/p><p>Kunden werden gebeten Besch\u00e4digungen oder Verunreinigungen der Ware zu vermeiden. Die Ware sollte nach M\u00f6glichkeit in Originalverpackung mit s\u00e4mtlichem Zubeh\u00f6r (wie etwa Labels oder Etiketten) an den Verk\u00e4ufer zur\u00fcck gesendet werden. Bitte entfernen Sie angebrachte Etiketten und Label erst dann, wenn Sie mit der Ware und der Passform zufrieden sind. Von einem \u00f6ffentlichen Tragen und \u00bbAusprobieren\u00ab der Ware ist abzusehen, insofern Sie den Anspruch eines Umtauschs in Erw\u00e4gung ziehen m\u00f6chten. Ist die Originalverpackung nicht mehr im Besitz des K\u00e4ufers, sollte eine andere geeigneten Verpackung verwendet werden, um f\u00fcr einen ausreichenden Schutz vor Transportsch\u00e4den zu sorgen und etwaige Schadensersatzanspr\u00fcche wegen Besch\u00e4digungen infolge mangelhafter Verpackung zu vermeiden.<\/p>\t\t\t\t\t\t\t\t<\/div>\n\t\t\t\t<\/div>\n\t\t\t\t\t<\/div>\n\t\t<\/div>\n\t\t\t\t\t<\/div>\n\t\t<\/section>\n\t\t\t\t<\/div>","protected":false},"excerpt":{"rendered":"<p>Widerrufsbelehrung Verbraucher ist jede nat\u00fcrliche Person, die ein Rechtsgesch\u00e4ft zu Zwecken abschlie\u00dft, die \u00fcberwiegend weder ihrer gewerblichen noch ihrer selbst\u00e4ndigen beruflichen T\u00e4tigkeit zugerechnet werden k\u00f6nnen. Widerrufsrecht Sie haben das Recht, binnen vierzehn Tagen ohne Angabe von Gr\u00fcnden diesen Vertrag zu widerrufen. Die Widerrufsfrist betr\u00e4gt vierzehn Tage ab dem Tag, an dem Sie oder ein von [&hellip;]<\/p>\n","protected":false},"author":1,"featured_media":0,"parent":0,"menu_order":0,"comment_status":"closed","ping_status":"closed","template":"","meta":{"zakra_page_container_layout":"customizer","zakra_page_sidebar_layout":"customizer","zakra_remove_content_margin":false,"zakra_sidebar":"customizer","zakra_transparent_header":"customizer","zakra_logo":0,"zakra_main_header_style":"default","zakra_menu_item_color":"","zakra_menu_item_hover_color":"","zakra_menu_item_active_color":"","zakra_menu_active_style":"","zakra_page_header":true,"footnotes":""},"class_list":["post-149","page","type-page","status-publish","hentry"],"yoast_head":"<!-- This site is optimized with the Yoast SEO plugin v27.5 - https:\/\/yoast.com\/product\/yoast-seo-wordpress\/ -->\n<title>Widerrufsbelehrung - Viktor &amp; Luise<\/title>\n<meta name=\"description\" content=\"Viktor &amp; Luise - Secondhand Shop - Widerrufsbelehrung\" \/>\n<meta name=\"robots\" content=\"noindex, follow, max-snippet:-1, max-image-preview:large, max-video-preview:-1\" \/>\n<meta property=\"og:locale\" content=\"en_GB\" \/>\n<meta property=\"og:type\" content=\"article\" \/>\n<meta property=\"og:title\" content=\"Widerrufsbelehrung - Viktor &amp; Luise\" \/>\n<meta property=\"og:description\" content=\"Viktor &amp; Luise - Secondhand Shop - Widerrufsbelehrung\" \/>\n<meta property=\"og:url\" content=\"https:\/\/viktor-luise.de\/en\/widerrufsbelehrung\/\" \/>\n<meta property=\"og:site_name\" content=\"Viktor &amp; Luise\" \/>\n<meta property=\"article:modified_time\" content=\"2021-04-08T09:33:59+00:00\" \/>\n<meta name=\"twitter:card\" content=\"summary_large_image\" \/>\n<meta name=\"twitter:label1\" content=\"Estimated reading time\" \/>\n\t<meta name=\"twitter:data1\" content=\"5 minutes\" \/>\n<script type=\"application\/ld+json\" class=\"yoast-schema-graph\">{\"@context\":\"https:\\\/\\\/schema.org\",\"@graph\":[{\"@type\":\"WebPage\",\"@id\":\"https:\\\/\\\/viktor-luise.de\\\/widerrufsbelehrung\\\/\",\"url\":\"https:\\\/\\\/viktor-luise.de\\\/widerrufsbelehrung\\\/\",\"name\":\"Widerrufsbelehrung - Viktor &amp; Luise\",\"isPartOf\":{\"@id\":\"https:\\\/\\\/viktor-luise.de\\\/#website\"},\"datePublished\":\"2021-01-25T04:13:38+00:00\",\"dateModified\":\"2021-04-08T09:33:59+00:00\",\"description\":\"Viktor & Luise - Secondhand Shop - Widerrufsbelehrung\",\"breadcrumb\":{\"@id\":\"https:\\\/\\\/viktor-luise.de\\\/widerrufsbelehrung\\\/#breadcrumb\"},\"inLanguage\":\"en-GB\",\"potentialAction\":[{\"@type\":\"ReadAction\",\"target\":[\"https:\\\/\\\/viktor-luise.de\\\/widerrufsbelehrung\\\/\"]}]},{\"@type\":\"BreadcrumbList\",\"@id\":\"https:\\\/\\\/viktor-luise.de\\\/widerrufsbelehrung\\\/#breadcrumb\",\"itemListElement\":[{\"@type\":\"ListItem\",\"position\":1,\"name\":\"Startseite\",\"item\":\"https:\\\/\\\/viktor-luise.de\\\/\"},{\"@type\":\"ListItem\",\"position\":2,\"name\":\"Widerrufsbelehrung\"}]},{\"@type\":\"WebSite\",\"@id\":\"https:\\\/\\\/viktor-luise.de\\\/#website\",\"url\":\"https:\\\/\\\/viktor-luise.de\\\/\",\"name\":\"Viktor &amp; Luise\",\"description\":\"Secondhand\",\"publisher\":{\"@id\":\"https:\\\/\\\/viktor-luise.de\\\/#organization\"},\"potentialAction\":[{\"@type\":\"SearchAction\",\"target\":{\"@type\":\"EntryPoint\",\"urlTemplate\":\"https:\\\/\\\/viktor-luise.de\\\/?s={search_term_string}\"},\"query-input\":{\"@type\":\"PropertyValueSpecification\",\"valueRequired\":true,\"valueName\":\"search_term_string\"}}],\"inLanguage\":\"en-GB\"},{\"@type\":\"Organization\",\"@id\":\"https:\\\/\\\/viktor-luise.de\\\/#organization\",\"name\":\"Viktor und Luise\",\"url\":\"https:\\\/\\\/viktor-luise.de\\\/\",\"logo\":{\"@type\":\"ImageObject\",\"inLanguage\":\"en-GB\",\"@id\":\"https:\\\/\\\/viktor-luise.de\\\/#\\\/schema\\\/logo\\\/image\\\/\",\"url\":\"https:\\\/\\\/viktor-luise.de\\\/wp-content\\\/uploads\\\/2021\\\/03\\\/cropped-Viktor-und-Luise-Logo-v2.1-1.png\",\"contentUrl\":\"https:\\\/\\\/viktor-luise.de\\\/wp-content\\\/uploads\\\/2021\\\/03\\\/cropped-Viktor-und-Luise-Logo-v2.1-1.png\",\"width\":100,\"height\":100,\"caption\":\"Viktor und Luise\"},\"image\":{\"@id\":\"https:\\\/\\\/viktor-luise.de\\\/#\\\/schema\\\/logo\\\/image\\\/\"}}]}<\/script>\n<!-- \/ Yoast SEO plugin. -->","yoast_head_json":{"title":"Widerrufsbelehrung - Viktor &amp; Luise","description":"Viktor & Luise - Secondhand Shop - Widerrufsbelehrung","robots":{"index":"noindex","follow":"follow","max-snippet":"max-snippet:-1","max-image-preview":"max-image-preview:large","max-video-preview":"max-video-preview:-1"},"og_locale":"en_GB","og_type":"article","og_title":"Widerrufsbelehrung - Viktor &amp; Luise","og_description":"Viktor & Luise - Secondhand Shop - Widerrufsbelehrung","og_url":"https:\/\/viktor-luise.de\/en\/widerrufsbelehrung\/","og_site_name":"Viktor &amp; Luise","article_modified_time":"2021-04-08T09:33:59+00:00","twitter_card":"summary_large_image","twitter_misc":{"Estimated reading time":"5 minutes"},"schema":{"@context":"https:\/\/schema.org","@graph":[{"@type":"WebPage","@id":"https:\/\/viktor-luise.de\/widerrufsbelehrung\/","url":"https:\/\/viktor-luise.de\/widerrufsbelehrung\/","name":"Widerrufsbelehrung - Viktor &amp; Luise","isPartOf":{"@id":"https:\/\/viktor-luise.de\/#website"},"datePublished":"2021-01-25T04:13:38+00:00","dateModified":"2021-04-08T09:33:59+00:00","description":"Viktor & Luise - Secondhand Shop - Widerrufsbelehrung","breadcrumb":{"@id":"https:\/\/viktor-luise.de\/widerrufsbelehrung\/#breadcrumb"},"inLanguage":"en-GB","potentialAction":[{"@type":"ReadAction","target":["https:\/\/viktor-luise.de\/widerrufsbelehrung\/"]}]},{"@type":"BreadcrumbList","@id":"https:\/\/viktor-luise.de\/widerrufsbelehrung\/#breadcrumb","itemListElement":[{"@type":"ListItem","position":1,"name":"Startseite","item":"https:\/\/viktor-luise.de\/"},{"@type":"ListItem","position":2,"name":"Widerrufsbelehrung"}]},{"@type":"WebSite","@id":"https:\/\/viktor-luise.de\/#website","url":"https:\/\/viktor-luise.de\/","name":"Viktor &amp; Luise","description":"Secondhand","publisher":{"@id":"https:\/\/viktor-luise.de\/#organization"},"potentialAction":[{"@type":"SearchAction","target":{"@type":"EntryPoint","urlTemplate":"https:\/\/viktor-luise.de\/?s={search_term_string}"},"query-input":{"@type":"PropertyValueSpecification","valueRequired":true,"valueName":"search_term_string"}}],"inLanguage":"en-GB"},{"@type":"Organization","@id":"https:\/\/viktor-luise.de\/#organization","name":"Viktor und Luise","url":"https:\/\/viktor-luise.de\/","logo":{"@type":"ImageObject","inLanguage":"en-GB","@id":"https:\/\/viktor-luise.de\/#\/schema\/logo\/image\/","url":"https:\/\/viktor-luise.de\/wp-content\/uploads\/2021\/03\/cropped-Viktor-und-Luise-Logo-v2.1-1.png","contentUrl":"https:\/\/viktor-luise.de\/wp-content\/uploads\/2021\/03\/cropped-Viktor-und-Luise-Logo-v2.1-1.png","width":100,"height":100,"caption":"Viktor und Luise"},"image":{"@id":"https:\/\/viktor-luise.de\/#\/schema\/logo\/image\/"}}]}},"_links":{"self":[{"href":"http:\/\/viktor-luise.de\/en\/wp-json\/wp\/v2\/pages\/149","targetHints":{"allow":["GET"]}}],"collection":[{"href":"http:\/\/viktor-luise.de\/en\/wp-json\/wp\/v2\/pages"}],"about":[{"href":"http:\/\/viktor-luise.de\/en\/wp-json\/wp\/v2\/types\/page"}],"author":[{"embeddable":true,"href":"http:\/\/viktor-luise.de\/en\/wp-json\/wp\/v2\/users\/1"}],"replies":[{"embeddable":true,"href":"http:\/\/viktor-luise.de\/en\/wp-json\/wp\/v2\/comments?post=149"}],"version-history":[{"count":27,"href":"http:\/\/viktor-luise.de\/en\/wp-json\/wp\/v2\/pages\/149\/revisions"}],"predecessor-version":[{"id":771,"href":"http:\/\/viktor-luise.de\/en\/wp-json\/wp\/v2\/pages\/149\/revisions\/771"}],"wp:attachment":[{"href":"http:\/\/viktor-luise.de\/en\/wp-json\/wp\/v2\/media?parent=149"}],"curies":[{"name":"wp","href":"https:\/\/api.w.org\/{rel}","templated":true}]}}