{"id":535,"date":"2021-03-23T11:37:39","date_gmt":"2021-03-23T11:37:39","guid":{"rendered":"http:\/\/viktor-luise.de\/?page_id=535"},"modified":"2021-04-08T09:35:33","modified_gmt":"2021-04-08T09:35:33","slug":"about","status":"publish","type":"page","link":"http:\/\/viktor-luise.de\/en\/about\/","title":{"rendered":"About"},"content":{"rendered":"<div data-elementor-type=\"wp-page\" data-elementor-id=\"535\" class=\"elementor elementor-535\">\n\t\t\t\t\t\t<section class=\"elementor-section elementor-top-section elementor-element elementor-element-225ca2d elementor-section-full_width elementor-section-height-default elementor-section-height-default\" data-id=\"225ca2d\" data-element_type=\"section\" data-e-type=\"section\">\n\t\t\t\t\t\t<div class=\"elementor-container elementor-column-gap-default\">\n\t\t\t\t\t<div class=\"elementor-column elementor-col-100 elementor-top-column elementor-element elementor-element-d4773a1\" data-id=\"d4773a1\" data-element_type=\"column\" data-e-type=\"column\">\n\t\t\t<div class=\"elementor-widget-wrap elementor-element-populated\">\n\t\t\t\t\t\t<div class=\"elementor-element elementor-element-23dfc91 elementor-widget elementor-widget-heading\" data-id=\"23dfc91\" data-element_type=\"widget\" data-e-type=\"widget\" data-widget_type=\"heading.default\">\n\t\t\t\t<div class=\"elementor-widget-container\">\n\t\t\t\t\t<h2 class=\"elementor-heading-title elementor-size-large\">About <\/h2>\t\t\t\t<\/div>\n\t\t\t\t<\/div>\n\t\t\t\t<section class=\"elementor-section elementor-inner-section elementor-element elementor-element-9919ead elementor-section-boxed elementor-section-height-default elementor-section-height-default\" data-id=\"9919ead\" data-element_type=\"section\" data-e-type=\"section\">\n\t\t\t\t\t\t<div class=\"elementor-container elementor-column-gap-default\">\n\t\t\t\t\t<div class=\"elementor-column elementor-col-100 elementor-inner-column elementor-element elementor-element-838f36e\" data-id=\"838f36e\" data-element_type=\"column\" data-e-type=\"column\">\n\t\t\t<div class=\"elementor-widget-wrap elementor-element-populated\">\n\t\t\t\t\t\t<div class=\"elementor-element elementor-element-ce234d5 elementor-widget elementor-widget-text-editor\" data-id=\"ce234d5\" data-element_type=\"widget\" data-e-type=\"widget\" data-widget_type=\"text-editor.default\">\n\t\t\t\t<div class=\"elementor-widget-container\">\n\t\t\t\t\t\t\t\t\t<div class=\"\" dir=\"ltr\">I come from northern Germany, but have lived with my family in Berlin for a long time.<\/div><div dir=\"ltr\">\u00a0<\/div><div class=\"\" dir=\"ltr\">My sense for art and the special and beautiful led me via a few detours to fashion. And to my store \"Viktor und Luise\", which I have had for a good ten years in the neighborhood between KaDeWe and Viktoria-Luise-Platz.<\/div><div dir=\"ltr\">\u00a0<\/div><div class=\"\" dir=\"ltr\">I've always been a fan of second-hand, but now I'm even more convinced that it's a way to combine sustainability, fashion and beauty. And, \"Viktor and Luise\" for me is not only a place for second-hand fashion, but also a place of encounters and stories. In these years I have met so many great and interesting and touching people. Experienced so many stories and built so many bonds. Every piece in my store has its own story, its origin, its story.<\/div><div dir=\"ltr\">\u00a0<\/div><div class=\"\" dir=\"ltr\">Knowing where things come from, I can often feel well what fits how and to whom. That's exactly why second-hand is more than just a cycle for me. For me, it's about the personal behind the products. That is what is really valuable. This value, this joy of beauty and this special I would like to pass on to you.<\/div><div dir=\"ltr\">\u00a0<\/div><div class=\"\" dir=\"ltr\">I am looking forward to your visit.\u00a0<\/div>\t\t\t\t\t\t\t\t<\/div>\n\t\t\t\t<\/div>\n\t\t\t\t\t<\/div>\n\t\t<\/div>\n\t\t\t\t\t<\/div>\n\t\t<\/section>\n\t\t\t\t\t<\/div>\n\t\t<\/div>\n\t\t\t\t\t<\/div>\n\t\t<\/section>\n\t\t\t\t<\/div>","protected":false},"excerpt":{"rendered":"<p>\u00dcber mich Ich komme aus Norddeutschland, wohne aber mit meiner Familie schon lange in Berlin.\u00a0Mein Sinn f\u00fcr Kunst und das Besondere und Sch\u00f6ne f\u00fchrte mich \u00fcber ein paar Umwege zur Mode. Und zu meinem Shop \u201eViktor und Luise\u201c, den ich seit gut zehn Jahren im Kiez zwischen KaDeWe und Viktoria-Luise-Platz habe.\u00a0Ich war immer schon Fan [&hellip;]<\/p>\n","protected":false},"author":1,"featured_media":0,"parent":0,"menu_order":0,"comment_status":"closed","ping_status":"closed","template":"","meta":{"zakra_page_container_layout":"customizer","zakra_page_sidebar_layout":"customizer","zakra_remove_content_margin":false,"zakra_sidebar":"customizer","zakra_transparent_header":"customizer","zakra_logo":0,"zakra_main_header_style":"default","zakra_menu_item_color":"","zakra_menu_item_hover_color":"","zakra_menu_item_active_color":"","zakra_menu_active_style":"","zakra_page_header":true,"footnotes":""},"class_list":["post-535","page","type-page","status-publish","hentry"],"yoast_head":"<!-- This site is optimized with the Yoast SEO plugin v27.5 - https:\/\/yoast.com\/product\/yoast-seo-wordpress\/ -->\n<title>About - Viktor &amp; Luise<\/title>\n<meta name=\"description\" content=\"Viktor &amp; Luise - Secondhand Shop - \u00dcber uns\" \/>\n<meta name=\"robots\" content=\"noindex, follow, max-snippet:-1, max-image-preview:large, max-video-preview:-1\" \/>\n<meta property=\"og:locale\" content=\"en_GB\" \/>\n<meta property=\"og:type\" content=\"article\" \/>\n<meta property=\"og:title\" content=\"About - Viktor &amp; Luise\" \/>\n<meta property=\"og:description\" content=\"Viktor &amp; Luise - Secondhand Shop - \u00dcber uns\" \/>\n<meta property=\"og:url\" content=\"https:\/\/viktor-luise.de\/en\/about\/\" \/>\n<meta property=\"og:site_name\" content=\"Viktor &amp; Luise\" \/>\n<meta property=\"article:modified_time\" content=\"2021-04-08T09:35:33+00:00\" \/>\n<meta name=\"twitter:card\" content=\"summary_large_image\" \/>\n<meta name=\"twitter:label1\" content=\"Estimated reading time\" \/>\n\t<meta name=\"twitter:data1\" content=\"1 minute\" \/>\n<script type=\"application\/ld+json\" class=\"yoast-schema-graph\">{\"@context\":\"https:\\\/\\\/schema.org\",\"@graph\":[{\"@type\":\"WebPage\",\"@id\":\"https:\\\/\\\/viktor-luise.de\\\/about\\\/\",\"url\":\"https:\\\/\\\/viktor-luise.de\\\/about\\\/\",\"name\":\"About - Viktor &amp; Luise\",\"isPartOf\":{\"@id\":\"https:\\\/\\\/viktor-luise.de\\\/#website\"},\"datePublished\":\"2021-03-23T11:37:39+00:00\",\"dateModified\":\"2021-04-08T09:35:33+00:00\",\"description\":\"Viktor & Luise - Secondhand Shop - \u00dcber uns\",\"breadcrumb\":{\"@id\":\"https:\\\/\\\/viktor-luise.de\\\/about\\\/#breadcrumb\"},\"inLanguage\":\"en-GB\",\"potentialAction\":[{\"@type\":\"ReadAction\",\"target\":[\"https:\\\/\\\/viktor-luise.de\\\/about\\\/\"]}]},{\"@type\":\"BreadcrumbList\",\"@id\":\"https:\\\/\\\/viktor-luise.de\\\/about\\\/#breadcrumb\",\"itemListElement\":[{\"@type\":\"ListItem\",\"position\":1,\"name\":\"Startseite\",\"item\":\"https:\\\/\\\/viktor-luise.de\\\/\"},{\"@type\":\"ListItem\",\"position\":2,\"name\":\"About\"}]},{\"@type\":\"WebSite\",\"@id\":\"https:\\\/\\\/viktor-luise.de\\\/#website\",\"url\":\"https:\\\/\\\/viktor-luise.de\\\/\",\"name\":\"Viktor &amp; Luise\",\"description\":\"Secondhand\",\"publisher\":{\"@id\":\"https:\\\/\\\/viktor-luise.de\\\/#organization\"},\"potentialAction\":[{\"@type\":\"SearchAction\",\"target\":{\"@type\":\"EntryPoint\",\"urlTemplate\":\"https:\\\/\\\/viktor-luise.de\\\/?s={search_term_string}\"},\"query-input\":{\"@type\":\"PropertyValueSpecification\",\"valueRequired\":true,\"valueName\":\"search_term_string\"}}],\"inLanguage\":\"en-GB\"},{\"@type\":\"Organization\",\"@id\":\"https:\\\/\\\/viktor-luise.de\\\/#organization\",\"name\":\"Viktor und Luise\",\"url\":\"https:\\\/\\\/viktor-luise.de\\\/\",\"logo\":{\"@type\":\"ImageObject\",\"inLanguage\":\"en-GB\",\"@id\":\"https:\\\/\\\/viktor-luise.de\\\/#\\\/schema\\\/logo\\\/image\\\/\",\"url\":\"https:\\\/\\\/viktor-luise.de\\\/wp-content\\\/uploads\\\/2021\\\/03\\\/cropped-Viktor-und-Luise-Logo-v2.1-1.png\",\"contentUrl\":\"https:\\\/\\\/viktor-luise.de\\\/wp-content\\\/uploads\\\/2021\\\/03\\\/cropped-Viktor-und-Luise-Logo-v2.1-1.png\",\"width\":100,\"height\":100,\"caption\":\"Viktor und Luise\"},\"image\":{\"@id\":\"https:\\\/\\\/viktor-luise.de\\\/#\\\/schema\\\/logo\\\/image\\\/\"}}]}<\/script>\n<!-- \/ Yoast SEO plugin. -->","yoast_head_json":{"title":"About - Viktor &amp; Luise","description":"Viktor & Luise - Secondhand Shop - \u00dcber uns","robots":{"index":"noindex","follow":"follow","max-snippet":"max-snippet:-1","max-image-preview":"max-image-preview:large","max-video-preview":"max-video-preview:-1"},"og_locale":"en_GB","og_type":"article","og_title":"About - Viktor &amp; Luise","og_description":"Viktor & Luise - Secondhand Shop - \u00dcber uns","og_url":"https:\/\/viktor-luise.de\/en\/about\/","og_site_name":"Viktor &amp; Luise","article_modified_time":"2021-04-08T09:35:33+00:00","twitter_card":"summary_large_image","twitter_misc":{"Estimated reading time":"1 minute"},"schema":{"@context":"https:\/\/schema.org","@graph":[{"@type":"WebPage","@id":"https:\/\/viktor-luise.de\/about\/","url":"https:\/\/viktor-luise.de\/about\/","name":"About - Viktor &amp; Luise","isPartOf":{"@id":"https:\/\/viktor-luise.de\/#website"},"datePublished":"2021-03-23T11:37:39+00:00","dateModified":"2021-04-08T09:35:33+00:00","description":"Viktor & Luise - Secondhand Shop - \u00dcber uns","breadcrumb":{"@id":"https:\/\/viktor-luise.de\/about\/#breadcrumb"},"inLanguage":"en-GB","potentialAction":[{"@type":"ReadAction","target":["https:\/\/viktor-luise.de\/about\/"]}]},{"@type":"BreadcrumbList","@id":"https:\/\/viktor-luise.de\/about\/#breadcrumb","itemListElement":[{"@type":"ListItem","position":1,"name":"Startseite","item":"https:\/\/viktor-luise.de\/"},{"@type":"ListItem","position":2,"name":"About"}]},{"@type":"WebSite","@id":"https:\/\/viktor-luise.de\/#website","url":"https:\/\/viktor-luise.de\/","name":"Viktor &amp; Luise","description":"Secondhand","publisher":{"@id":"https:\/\/viktor-luise.de\/#organization"},"potentialAction":[{"@type":"SearchAction","target":{"@type":"EntryPoint","urlTemplate":"https:\/\/viktor-luise.de\/?s={search_term_string}"},"query-input":{"@type":"PropertyValueSpecification","valueRequired":true,"valueName":"search_term_string"}}],"inLanguage":"en-GB"},{"@type":"Organization","@id":"https:\/\/viktor-luise.de\/#organization","name":"Viktor und Luise","url":"https:\/\/viktor-luise.de\/","logo":{"@type":"ImageObject","inLanguage":"en-GB","@id":"https:\/\/viktor-luise.de\/#\/schema\/logo\/image\/","url":"https:\/\/viktor-luise.de\/wp-content\/uploads\/2021\/03\/cropped-Viktor-und-Luise-Logo-v2.1-1.png","contentUrl":"https:\/\/viktor-luise.de\/wp-content\/uploads\/2021\/03\/cropped-Viktor-und-Luise-Logo-v2.1-1.png","width":100,"height":100,"caption":"Viktor und Luise"},"image":{"@id":"https:\/\/viktor-luise.de\/#\/schema\/logo\/image\/"}}]}},"_links":{"self":[{"href":"http:\/\/viktor-luise.de\/en\/wp-json\/wp\/v2\/pages\/535","targetHints":{"allow":["GET"]}}],"collection":[{"href":"http:\/\/viktor-luise.de\/en\/wp-json\/wp\/v2\/pages"}],"about":[{"href":"http:\/\/viktor-luise.de\/en\/wp-json\/wp\/v2\/types\/page"}],"author":[{"embeddable":true,"href":"http:\/\/viktor-luise.de\/en\/wp-json\/wp\/v2\/users\/1"}],"replies":[{"embeddable":true,"href":"http:\/\/viktor-luise.de\/en\/wp-json\/wp\/v2\/comments?post=535"}],"version-history":[{"count":16,"href":"http:\/\/viktor-luise.de\/en\/wp-json\/wp\/v2\/pages\/535\/revisions"}],"predecessor-version":[{"id":774,"href":"http:\/\/viktor-luise.de\/en\/wp-json\/wp\/v2\/pages\/535\/revisions\/774"}],"wp:attachment":[{"href":"http:\/\/viktor-luise.de\/en\/wp-json\/wp\/v2\/media?parent=535"}],"curies":[{"name":"wp","href":"https:\/\/api.w.org\/{rel}","templated":true}]}}